{"id":43,"date":"2021-07-12T13:15:11","date_gmt":"2021-07-12T11:15:11","guid":{"rendered":"http:\/\/crmw.fr\/?page_id=43"},"modified":"2022-05-04T15:39:11","modified_gmt":"2022-05-04T13:39:11","slug":"comment-inclure","status":"publish","type":"page","link":"https:\/\/crmw.fr\/?page_id=43","title":{"rendered":"Comment inclure"},"content":{"rendered":"\n<p>Tout m\u00e9decin recevant des patients Willebrand, dans un centre lab\u00e9lis\u00e9 ou non, est en mesure de demander une inclusion dans la base de donn\u00e9es du CRMW, pour obtenir une caract\u00e9risation ph\u00e9notypique et g\u00e9notypique pr\u00e9cise de son patient.<\/p>\n\n\n\n<p>La d\u00e9marche est la suivante&nbsp;:<\/p>\n\n\n\n<ul class=\"wp-block-list\"><li>Adresser par fax ou par mail (voir les conditions dans le set de document) une demande d\u2019inclusion en remplissant, le plus pr\u00e9cis\u00e9ment possible les documents du CRMW (<a href=\"https:\/\/crmw.fr\/?page_id=45\">lien vers documents<\/a>).<\/li><li>Ne pas oublier de joindre un arbre g\u00e9n\u00e9alogique le plus pr\u00e9cis possible, m\u00eame s\u2019il semble qu\u2019il n\u2019y a pas d\u2019ant\u00e9c\u00e9dents familiaux (il n\u2019est pas rare de retrouver des patients de la m\u00eame famille, suivis dans un autre centre)<\/li><li>Attendre le retour du CRMW avant l\u2019envoi d\u2019\u00e9chantillons biologiques<\/li><li>A r\u00e9ception du courrier confirmant l\u2019inclusion du patient, il faut adresser les \u00e9chantillons biologiques (plasma et EDTA\/ADN) au Centre de Biologie Pathologie de Lille<\/li><li>Ne pas h\u00e9siter \u00e0 renvoyer vers le CRMW des informations compl\u00e9mentaires r\u00e9colt\u00e9es apr\u00e8s l\u2019inclusion (par ex&nbsp;: test \u00e0 la desmopressine, score h\u00e9morragique\u2026 )<\/li><li>Le CRMW adresse les r\u00e9sultats biologiques effectu\u00e9s au prescripteur au fur et \u00e0 mesure de la production des r\u00e9sultats<\/li><li>Enfin, une fois que l\u2019analyse de biologie mol\u00e9culaire et l\u2019ensemble des analyses ph\u00e9notypiques r\u00e9unies, le CRMW adresse un compte rendu complet du dossier au prescripteur<\/li><\/ul>\n\n\n\n<p>Vous trouverez le d\u00e9tail des proc\u00e9dures dans ce fichier :<\/p>\n\n\n\n<div class=\"wp-block-file\"><a href=\"https:\/\/crmw.fr\/wp-content\/uploads\/2022\/05\/Memorandum_CRMW_mai2022.doc\">Memorandum CRMW mai2022<\/a><a href=\"https:\/\/crmw.fr\/wp-content\/uploads\/2022\/05\/Memorandum_CRMW_mai2022.doc\" class=\"wp-block-file__button\" download>T\u00e9l\u00e9charger<\/a><\/div>\n","protected":false},"excerpt":{"rendered":"<p>Tout m\u00e9decin recevant des patients Willebrand, dans un centre lab\u00e9lis\u00e9 ou non, est en mesure de demander une inclusion dans<\/p>\n","protected":false},"author":1,"featured_media":0,"parent":87,"menu_order":1,"comment_status":"closed","ping_status":"closed","template":"","meta":{"colormag_page_container_layout":"default_layout","colormag_page_sidebar_layout":"default_layout","footnotes":""},"class_list":["post-43","page","type-page","status-publish","hentry"],"_links":{"self":[{"href":"https:\/\/crmw.fr\/index.php?rest_route=\/wp\/v2\/pages\/43","targetHints":{"allow":["GET"]}}],"collection":[{"href":"https:\/\/crmw.fr\/index.php?rest_route=\/wp\/v2\/pages"}],"about":[{"href":"https:\/\/crmw.fr\/index.php?rest_route=\/wp\/v2\/types\/page"}],"author":[{"embeddable":true,"href":"https:\/\/crmw.fr\/index.php?rest_route=\/wp\/v2\/users\/1"}],"replies":[{"embeddable":true,"href":"https:\/\/crmw.fr\/index.php?rest_route=%2Fwp%2Fv2%2Fcomments&post=43"}],"version-history":[{"count":10,"href":"https:\/\/crmw.fr\/index.php?rest_route=\/wp\/v2\/pages\/43\/revisions"}],"predecessor-version":[{"id":992,"href":"https:\/\/crmw.fr\/index.php?rest_route=\/wp\/v2\/pages\/43\/revisions\/992"}],"up":[{"embeddable":true,"href":"https:\/\/crmw.fr\/index.php?rest_route=\/wp\/v2\/pages\/87"}],"wp:attachment":[{"href":"https:\/\/crmw.fr\/index.php?rest_route=%2Fwp%2Fv2%2Fmedia&parent=43"}],"curies":[{"name":"wp","href":"https:\/\/api.w.org\/{rel}","templated":true}]}}