{"id":21,"date":"2021-07-08T16:33:14","date_gmt":"2021-07-08T14:33:14","guid":{"rendered":"http:\/\/crmw.fr\/?page_id=21"},"modified":"2021-07-08T16:33:14","modified_gmt":"2021-07-08T14:33:14","slug":"etude-en-biologie-moleculaire","status":"publish","type":"page","link":"https:\/\/crmw.fr\/?page_id=21","title":{"rendered":"Biologie mol\u00e9culaire"},"content":{"rendered":"\n<p>Le VWF est synth\u00e9tis\u00e9 par un g\u00e8ne pr\u00e9sent sur le bras court du chromosome 12 (le bras p13.3 du chromosome 12). Le g\u00e8ne, de grande taille, comprend ~180 kb d\u2019ADN et comporte 52 exons. Il est exclusivement exprim\u00e9 dans deux types cellulaires : les cellules endoth\u00e9liales et les m\u00e9gacaryocytes.<\/p>\n\n\n\n<p>Cette s\u00e9quence est en partie r\u00e9pliqu\u00e9e sous la forme d\u2019un pseudog\u00e8ne VWFP1 port\u00e9 par le chromosome 22 (exons 23 \u00e0 34)<\/p>\n\n\n\n<p>Le produit primaire du g\u00e8ne est synth\u00e9tis\u00e9 dans les cellules endoth\u00e9liales et les m\u00e9gacaryocytes, pr\u00e9curseurs des plaquettes, sous forme d\u2019un pr\u00e9-pro-polypeptide de 2813 acides amin\u00e9s qui comporte un peptide signal de 22 acides amin\u00e9s, un propeptide de 741 acides amin\u00e9s et une sous-unit\u00e9 mature de 2050 acides amin\u00e9s.<\/p>\n\n\n\n<p>La structure primaire de cette prot\u00e9ine est constitu\u00e9e d\u2019une r\u00e9p\u00e9tition de quatre types de domaines (A, C, D et CK) dans l\u2019ordre suivant (Fig. 1) : D1, D2, D\u2019, D3, A1, A2, A3, C1, C2,C3, C4, C5, C6, CK).<\/p>\n\n\n\n<p><\/p>\n\n\n\n<p><\/p>\n\n\n\n<p><\/p>\n\n\n\n<p>La recherche des anomalies mol\u00e9culaires constitue l\u2019\u00e9tape finale de confirmation du type de MW, en compl\u00e9ment de l\u2019analyse ph\u00e9notypique, mais elle trouve \u00e9galement son utilit\u00e9 dans le diagnostic pr\u00e9natal (pour les couples susceptibles d\u2019avoir un enfant atteint de MW de type 3, souvent d\u00e9j\u00e0 parents d\u2019un enfant atteint d\u2019une forme s\u00e9v\u00e8re chez qui les anomalies g\u00e9niques ont \u00e9t\u00e9 identifi\u00e9es). Elle est principalement r\u00e9alis\u00e9e actuellement en France par deux laboratoires experts, \u00e0 Nantes et \u00e0 Lille, sous l\u2019\u00e9gide du CRMW qui corr\u00e8le ph\u00e9notype et g\u00e9notype. La strat\u00e9gie actuelle consiste, chez les patients r\u00e9pondant aux crit\u00e8res diagnostiques du CRMW, \u00e0 s\u00e9quencer par la technique de Sanger l\u2019ADN g\u00e9nomique de l\u2019exon 28, qui porte environ 40 % des mutations d\u00e9crites, puis l\u2019ADN de l\u2019exon 26, qui ne peut \u00eatre discrimin\u00e9 de son pseudog\u00e8ne en s\u00e9quen\u00e7age \u00e0 haut d\u00e9bit ou NGS (next generation sequencing). En dernier lieu, s\u2019il n\u2019y a pas de mutations sur ces deux exons, on r\u00e9alise l\u2019analyse par NGS des 50 exons restants, compl\u00e9t\u00e9e \u00e9ventuellement par une recherche en MLPA (multiplex ligation-dependent probe amplification) des variants d\u00e9l\u00e9t\u00e8res non visibles en NGS (grandes d\u00e9l\u00e9tions, insertions ou duplications). La classification des variants mol\u00e9culaires reste du domaine de sp\u00e9cialistes. Elle peut n\u00e9cessiter l\u2019analyse in silico des variants identifi\u00e9s, car la distinction de certains variants non pathog\u00e8nes avec un type 1 de MW est difficile, en raison de la grande variabilit\u00e9 du g\u00e8ne VWF chez les sujets sains.<\/p>\n\n\n\n<p>La liste des mutations, r\u00e9guli\u00e8rement actualis\u00e9e, est disponible sur les sites de l\u2019Universit\u00e9 de Sheffield pour l\u2019ISTH et sur le site de l\u2019EAHAD (European Association for Haemophilia and Allied Disorders).<\/p>\n\n\n\n<p>Cette \u00e9tude g\u00e9notypique peut \u00eatre men\u00e9e apr\u00e8s ph\u00e9notypage dans le cadre d\u2019une \u00e9tude familiale, afin d\u2019adapter le conseil g\u00e9n\u00e9tique en cas de situation particuli\u00e8re (n\u00e9omutations, disomie uniparentale, s\u00e9gr\u00e9gations atypiques).<\/p>\n\n\n\n<p><\/p>\n\n\n\n<div class=\"wp-block-image\"><figure class=\"aligncenter size-large\"><img loading=\"lazy\" decoding=\"async\" width=\"595\" height=\"489\" src=\"https:\/\/crmw.fr\/wp-content\/uploads\/2021\/07\/type_VWF_type_transmission.jpg\" alt=\"\" class=\"wp-image-765\" srcset=\"https:\/\/crmw.fr\/wp-content\/uploads\/2021\/07\/type_VWF_type_transmission.jpg 595w, https:\/\/crmw.fr\/wp-content\/uploads\/2021\/07\/type_VWF_type_transmission-300x247.jpg 300w\" sizes=\"auto, (max-width: 595px) 100vw, 595px\" \/><\/figure><\/div>\n\n\n\n\n\n<div class=\"wp-block-image\"><figure class=\"aligncenter size-large\"><img loading=\"lazy\" decoding=\"async\" width=\"864\" height=\"648\" src=\"https:\/\/crmw.fr\/wp-content\/uploads\/2021\/07\/transmission_auto_dominante_et_recessive-edited.jpg\" alt=\"\" class=\"wp-image-786\" srcset=\"https:\/\/crmw.fr\/wp-content\/uploads\/2021\/07\/transmission_auto_dominante_et_recessive-edited.jpg 864w, https:\/\/crmw.fr\/wp-content\/uploads\/2021\/07\/transmission_auto_dominante_et_recessive-edited-300x225.jpg 300w, https:\/\/crmw.fr\/wp-content\/uploads\/2021\/07\/transmission_auto_dominante_et_recessive-edited-768x576.jpg 768w\" sizes=\"auto, (max-width: 864px) 100vw, 864px\" \/><\/figure><\/div>\n","protected":false},"excerpt":{"rendered":"<p>Le VWF est synth\u00e9tis\u00e9 par un g\u00e8ne pr\u00e9sent sur le bras court du chromosome 12 (le bras p13.3 du chromosome<\/p>\n","protected":false},"author":1,"featured_media":0,"parent":83,"menu_order":1,"comment_status":"closed","ping_status":"closed","template":"","meta":{"colormag_page_container_layout":"no_sidebar_content_centered","colormag_page_sidebar_layout":"no_sidebar","footnotes":""},"class_list":["post-21","page","type-page","status-publish","hentry"],"_links":{"self":[{"href":"https:\/\/crmw.fr\/index.php?rest_route=\/wp\/v2\/pages\/21","targetHints":{"allow":["GET"]}}],"collection":[{"href":"https:\/\/crmw.fr\/index.php?rest_route=\/wp\/v2\/pages"}],"about":[{"href":"https:\/\/crmw.fr\/index.php?rest_route=\/wp\/v2\/types\/page"}],"author":[{"embeddable":true,"href":"https:\/\/crmw.fr\/index.php?rest_route=\/wp\/v2\/users\/1"}],"replies":[{"embeddable":true,"href":"https:\/\/crmw.fr\/index.php?rest_route=%2Fwp%2Fv2%2Fcomments&post=21"}],"version-history":[{"count":10,"href":"https:\/\/crmw.fr\/index.php?rest_route=\/wp\/v2\/pages\/21\/revisions"}],"predecessor-version":[{"id":787,"href":"https:\/\/crmw.fr\/index.php?rest_route=\/wp\/v2\/pages\/21\/revisions\/787"}],"up":[{"embeddable":true,"href":"https:\/\/crmw.fr\/index.php?rest_route=\/wp\/v2\/pages\/83"}],"wp:attachment":[{"href":"https:\/\/crmw.fr\/index.php?rest_route=%2Fwp%2Fv2%2Fmedia&parent=21"}],"curies":[{"name":"wp","href":"https:\/\/api.w.org\/{rel}","templated":true}]}}